{"id":1776,"date":"2024-08-12T04:23:40","date_gmt":"2024-08-12T03:23:40","guid":{"rendered":"https:\/\/dev.asesordecasinos.com\/pe\/?page_id=1776"},"modified":"2024-09-12T04:55:22","modified_gmt":"2024-09-12T03:55:22","slug":"astropay","status":"publish","type":"page","link":"https:\/\/asesordecasinos.com\/pe\/casinos\/juegos\/astropay\/","title":{"rendered":"Casinos Online con Astropay en Per\u00fa abril 2026"},"content":{"rendered":"\n<h2 class=\"wp-block-heading\">Ventajas y desventajas de Astropay<\/h2>\n\n\n\n<p>AstroPay es una tarjeta prepago y monedero virtual que ofrece varias ventajas, como seguridad y privacidad, ya que no es necesario proporcionar datos bancarios directamente a la plataforma. Adem\u00e1s, opera mediante una tarjeta prepago virtual que se puede comprar en l\u00ednea con diversas opciones de pago, incluyendo tarjetas de cr\u00e9dito, transferencias bancarias y billeteras electr\u00f3nicas.<\/p>\n\n\n\n<p><strong>Pros y contras de Astropay&nbsp;<\/strong><\/p>\n\n\n\n<div class=\"wp-block-columns lb-pros-cons is-layout-flex wp-container-core-columns-is-layout-1 wp-block-columns-is-layout-flex\">\n<div class=\"wp-block-column is-layout-flow wp-block-column-is-layout-flow\">\n<div class=\"lb-group-list\">\n\n<div class=\"wp-block-group is-style-group-bordered is-layout-flow wp-block-group-is-layout-flow\"><div class=\"lb-group-list__inner\">\n\n<div class=\"acf-innerblocks-container\">\n\n<p class=\"lb-group-list__title\"><strong>Ventajas<\/strong><\/p>\n\n<\/div>\n\n\n<ul class=\"wp-block-list is-list-ico-check\">\n<li>Aceptaci\u00f3n internacional<\/li>\n\n\n\n<li>Seguridad y privacidad. No es necesario compartir directamente sus datos bancarios con los sitios de apuestas o comercios.<\/li>\n\n\n\n<li>El programa de lealtad VIP de AstroPay ofrece beneficios, incluyendo hasta un 1.8% de reembolso en efectivo a trav\u00e9s de AstroPoints y recompensas por diversas actividades.<\/li>\n\n\n\n<li>Transacciones instant\u00e1neas<\/li>\n\n\n\n<li>Puede utilizarse tanto como tarjeta prepago como monedero virtual.<\/li>\n<\/ul>\n\n<\/div>\n<\/div>\n\n<\/div>\n<\/div>\n\n\n\n<div class=\"wp-block-column is-layout-flow wp-block-column-is-layout-flow\">\n<div class=\"lb-group-list\">\n\n<div class=\"wp-block-group is-style-group-bordered is-layout-flow wp-block-group-is-layout-flow\"><div class=\"lb-group-list__inner\">\n\n<div class=\"acf-innerblocks-container\">\n\n<p class=\"lb-group-list__title\"><strong>Desventajas<\/strong><\/p>\n\n<\/div>\n\n\n<ul class=\"wp-block-list is-list-ico-cross\">\n<li>Comisiones ocultas. Las transferencias gratuitas solo entre cuentas de Astropay, en otros casos, la comisi\u00f3n puede ser del 1,5% al 3%<\/li>\n\n\n\n<li>Limitaciones de valor. Hay restricciones en cuanto a la cantidad de dinero que se puede depositar y retirar, lo que puede ser un inconveniente para usuarios que manejan grandes sumas.<\/li>\n\n\n\n<li>Disponibilidad limitada. No todos los casinos y comercios aceptan Astropay.<\/li>\n<\/ul>\n\n<\/div>\n<\/div>\n\n<\/div>\n<\/div>\n<\/div>\n\n\n\n<h2 class=\"wp-block-heading\">Casino donde puedes hacer dep\u00f3sitos a trav\u00e9s de Astropay<\/h2>\n\n\n\n<h3 class=\"wp-block-heading\">Bet365 #1<\/h3>\n\n\n\n<p>Para dep\u00f3sitos o retiros mediante este m\u00e9todo de pago, el valor m\u00ednimo es de S\/40 y el valor m\u00e1ximo es de S\/40. Es el \u00fanico que ofrece esta forma de pago en los casinos peruanos. Adem\u00e1s, tambi\u00e9n se puede retirar las ganancias mediante Astropay, con l\u00edmites que van desde S\/40 hasta S\/40,000, sin comisiones, y el tiempo de procesamiento es relativamente r\u00e1pido, entre 1 y 4 horas.<\/p>\n\n\n\n<div class=\"wp-block-columns lb-pros-cons is-layout-flex wp-container-core-columns-is-layout-2 wp-block-columns-is-layout-flex\">\n<div class=\"wp-block-column is-layout-flow wp-block-column-is-layout-flow\">\n<div class=\"lb-group-list\">\n\n<div class=\"wp-block-group is-style-group-bordered is-layout-flow wp-block-group-is-layout-flow\"><div class=\"lb-group-list__inner\">\n\n<div class=\"acf-innerblocks-container\">\n\n<p class=\"lb-group-list__title\">Ventajas:<\/p>\n\n<\/div>\n\n\n<ul class=\"wp-block-list is-list-ico-check\">\n<li>Tiene aplicaciones m\u00f3viles para Android e iOS<\/li>\n\n\n\n<li>M\u00e1s de 10 proveedores<\/li>\n\n\n\n<li>M\u00e1s de 37 mesas de ruleta<\/li>\n<\/ul>\n\n<\/div>\n<\/div>\n\n<\/div>\n<\/div>\n\n\n\n<div class=\"wp-block-column is-layout-flow wp-block-column-is-layout-flow\">\n<div class=\"lb-group-list\">\n\n<div class=\"wp-block-group is-style-group-bordered is-layout-flow wp-block-group-is-layout-flow\"><div class=\"lb-group-list__inner\">\n\n<div class=\"acf-innerblocks-container\">\n\n<p class=\"lb-group-list__title\">Desventajas:<\/p>\n\n<\/div>\n\n\n<ul class=\"wp-block-list is-list-ico-cross\">\n<li>Sin modo demo<\/li>\n\n\n\n<li>Pocas mesas de baccarat<\/li>\n\n\n\n<li>Sin bonos<\/li>\n\n\n\n<li>Pocos m\u00e9todos de pago<\/li>\n<\/ul>\n\n<\/div>\n<\/div>\n\n<\/div>\n<\/div>\n<\/div>\n\n\n<div class=\"wp-block-casino-card wp-block-casino-card lb-review-card lb-review-card--mr_closed\" style=\"\">\n  <div class=\"lb-review-card__inner\">\n        <div class=\"lb-review-card__main not-prose\">\n      <div class=\"lb-review-card__header\">\n        <img decoding=\"async\" width=\"52\" height=\"52\" src=\"https:\/\/asesordecasinos.com\/pe\/wp-content\/uploads\/sites\/6\/2023\/08\/download-11-100x100.png\" class=\"lb-review-card__logo wp-post-image\" alt=\"\" srcset=\"https:\/\/asesordecasinos.com\/pe\/wp-content\/uploads\/sites\/6\/2023\/08\/download-11-100x100.png 100w, https:\/\/asesordecasinos.com\/pe\/wp-content\/uploads\/sites\/6\/2023\/08\/download-11-150x150.png 150w, https:\/\/asesordecasinos.com\/pe\/wp-content\/uploads\/sites\/6\/2023\/08\/download-11-50x50.png 50w, https:\/\/asesordecasinos.com\/pe\/wp-content\/uploads\/sites\/6\/2023\/08\/download-11-120x120.png 120w, https:\/\/asesordecasinos.com\/pe\/wp-content\/uploads\/sites\/6\/2023\/08\/download-11-32x32.png 32w, https:\/\/asesordecasinos.com\/pe\/wp-content\/uploads\/sites\/6\/2023\/08\/download-11.png 225w\" sizes=\"(max-width: 52px) 100vw, 52px\" \/>        <div>\n          <div class=\"lb-review-card__title\">Bet365<\/div>\n          <div class=\"lb-review-card__info\">\n            <div class=\"lb-review-card__rating\">\n              <i class=\"icon-star\"><\/i>\n              4.5            <\/div>\n            <div>\n              <a class=\"lb-review-card__link\" href=\"https:\/\/asesordecasinos.com\/pe\/casinos\/resenas\/bet365\/\" title=\"rese\u00f1a\">rese\u00f1a<\/a>\n            <\/div>\n          <\/div>\n        <\/div>\n      <\/div>\n    <\/div>\n    <div class=\"lb-review-card__sub not-prose\">\n              <div class=\"lb-review-card__bonus-title\">\n          Dep\u00f3sito m\u00ednimo:<span> S\/40<\/span><span>\r\n<\/span>Retiro m\u00ednimo:<span> S\/40<\/span>        <\/div>\n            <div class=\"lb-review-card__actions\">\n        \n<a class=\"lb-button lb-review-card__play lb-button--size_xl lb-button--color_primary lb-button--variant_contained\" href=\"https:\/\/asesordecasinos.com\/pe\/casinos\/resenas\/bet365\/\"target=\"_blank\"rel=\"nofollow\" style=\"\">\n        <span class=\"lb-button__content\">\n      VISITAR    <\/span>\n  \n    <\/a>      <\/div>\n    <\/div>\n        \n      <\/div>\n  <\/div>\n\n\n<h2 class=\"wp-block-heading\">Comparaci\u00f3n de Astropay con m\u00e9todos de pago alternativos en casinos<\/h2>\n\n\n\n<p>La diversidad de m\u00e9todos para realizar dep\u00f3sitos, adem\u00e1s de la rapidez y seguridad, son factores importantes al elegir una plataforma. Adem\u00e1s, la velocidad de procesamiento, los valores de las tasas cobradas y la facilidad para realizar las transacciones son cruciales en la selecci\u00f3n. La mayor\u00eda de los casinos en Per\u00fa aceptan las principales formas de pago, como tarjetas de cr\u00e9dito y pagos en efectivo.&nbsp;<\/p>\n\n\n\n<figure class=\"wp-block-table\"><table class=\"has-fixed-layout\"><thead><tr><th><strong>M\u00e9todo de pago<\/strong><\/th><th><strong>Dep\u00f3sito m\u00ednimo<\/strong><\/th><th><strong>Casinos<\/strong><\/th><\/tr><\/thead><tbody><tr><td>C\u00f3digo QR<\/td><td>S\/30<\/td><td>Betano, Jugarbet, Casino Atlantic City<\/td><\/tr><tr><td>Pago en Efectivo<\/td><td>S\/10<\/td><td>Betsafe, Betsson, Jugabet, Bet365, Te Apuesto, Coolbet, Retabet, Betano, Casino Atlantic City<\/td><\/tr><tr><td>Visa\/Mastercard<\/td><td>S\/10<\/td><td>Betsafe, Betsson, Jugabet, Bet365, Te Apuesto, Coolbet, Retabet<\/td><\/tr><tr><td>SafetyPay<\/td><td>S\/50<\/td><td>Casino Atlantic City, Retabet<\/td><\/tr><tr><td>Skrill\/Neteller<\/td><td>S\/30<\/td><td>Betsafe, Betsson&nbsp;<\/td><\/tr><tr><td>Astropay<\/td><td>S\/40<\/td><td>Bet365<\/td><\/tr><\/tbody><\/table><\/figure>\n\n\n\n<h2 class=\"wp-block-heading\">\u00bfEs seguro pagar en el casino con Astropay?<\/h2>\n\n\n\n<p>Pagar en el casino con AstroPay es bastante seguro debido a las m\u00faltiples capas de protecci\u00f3n que la plataforma ofrece. Al utilizar AstroPay, sus datos bancarios est\u00e1n protegidos porque act\u00faa como un intermediario, evitando que la informaci\u00f3n sensible se comparta directamente con los casinos. Emplea tarjetas prepagadas virtuales y tecnolog\u00eda de encriptaci\u00f3n avanzada para asegurar todas las transacciones, lo que a\u00f1ade una capa extra de seguridad.<\/p>\n\n\n\n<p>Adem\u00e1s, AstroPay implementa medidas adicionales como el monitoreo constante de transacciones para detectar actividades sospechosas, controles de acceso restringidos solo al personal autorizado, y cumplimiento con normativas internacionales de protecci\u00f3n de datos como el RGPD. Estas caracter\u00edsticas, junto con auditor\u00edas de seguridad regulares y educaci\u00f3n del usuario sobre pr\u00e1cticas seguras en l\u00ednea, hacen que AstroPay sea una opci\u00f3n confiable y segura para realizar pagos en casinos en l\u00ednea.<\/p>\n\n\n\n<h2 class=\"wp-block-heading\">Opini\u00f3n de la redacci\u00f3n<\/h2>\n\n\n\n<p>Aunque es un sistema de pago r\u00e1pido y seguro, se pueden utilizar Astropay para sus dep\u00f3sitos de casino solo en Bet365. Por lo tanto, no es una forma com\u00fan de realizar transacciones en las plataformas peruanas, a menos que desees utilizar \u00fanicamente la plataforma que lo acepta. Adem\u00e1s, el dep\u00f3sito m\u00ednimo a trav\u00e9s de Astropay es mucho m\u00e1s alto en comparaci\u00f3n con otros sistemas m\u00e1s comunes. Existen otras opciones que se pueden utilizar en la mayor\u00eda de los casinos, como los c\u00f3digos QR y las tarjetas de cr\u00e9dito y d\u00e9bito.<\/p>\n\n\n\n<h2 class=\"wp-block-heading\">Preguntas frecuentes&nbsp;<\/h2>\n\n\n<div ><style>#sp-ea-1777 .spcollapsing { height: 0; overflow: hidden; transition-property: height;transition-duration: 300ms;}#sp-ea-1777.sp-easy-accordion>.sp-ea-single {margin-bottom: 10px; border: 1px solid #e2e2e2; }#sp-ea-1777.sp-easy-accordion>.sp-ea-single>.ea-header a {color: #444;}#sp-ea-1777.sp-easy-accordion>.sp-ea-single>.sp-collapse>.ea-body {background: #fff; color: #444;}#sp-ea-1777.sp-easy-accordion>.sp-ea-single {background: #eee;}#sp-ea-1777.sp-easy-accordion>.sp-ea-single>.ea-header a .ea-expand-icon { float: left; color: #444;font-size: 16px;}<\/style><div id=\"sp_easy_accordion-1723432742\"><div id=\"sp-ea-1777\" class=\"sp-ea-one sp-easy-accordion\" data-ex-icon=\"minus\" data-col-icon=\"plus\"  data-ea-active=\"ea-click\"  data-ea-mode=\"vertical\" data-preloader=\"\" data-scroll-active-item=\"\" data-offset-to-scroll=\"0\"><div class=\"ea-card ea-expand sp-ea-single\"><p class=\"ea-header\"><a class=\"collapsed\" data-sptoggle=\"spcollapse\" data-sptarget=#collapse17770 href=\"javascript:void(0)\"  aria-expanded=\"true\"><i class=\"ea-expand-icon ea-icon-expand-minus\"><\/i> \u00bfCu\u00e1ntos casinos en Per\u00fa aceptan AstroPay como m\u00e9todo de pago?<\/a><\/p><div class=\"sp-collapse spcollapse collapsed show\" id=\"collapse17770\" ><div class=\"ea-body\"><p><span style=\"font-weight: 400;\">Actualmente, solo uno: Bet365.<\/span><\/p>\n<\/div><\/div><\/div><div class=\"ea-card  sp-ea-single\"><p class=\"ea-header\"><a class=\"collapsed\" data-sptoggle=\"spcollapse\" data-sptarget=#collapse17771 href=\"javascript:void(0)\"  aria-expanded=\"false\"><i class=\"ea-expand-icon ea-icon-expand-plus\"><\/i> \u00bfCu\u00e1l es el dep\u00f3sito y retiro m\u00ednimo con AstroPay en Bet365?<\/a><\/p><div class=\"sp-collapse spcollapse \" id=\"collapse17771\" ><div class=\"ea-body\"><p><span style=\"font-weight: 400;\">El dep\u00f3sito m\u00ednimo es de S\/40.00, y el retiro m\u00ednimo tambi\u00e9n es de S\/40.00.<\/span><\/p>\n<\/div><\/div><\/div><div class=\"ea-card  sp-ea-single\"><p class=\"ea-header\"><a class=\"collapsed\" data-sptoggle=\"spcollapse\" data-sptarget=#collapse17772 href=\"javascript:void(0)\"  aria-expanded=\"false\"><i class=\"ea-expand-icon ea-icon-expand-plus\"><\/i> \u00bfCu\u00e1les son las ventajas de usar AstroPay?<\/a><\/p><div class=\"sp-collapse spcollapse \" id=\"collapse17772\" ><div class=\"ea-body\"><p>AstroPay ofrece seguridad y privacidad, facilidad de uso, aceptaci\u00f3n internacional, transacciones instant\u00e1neas y diversas opciones de compra.<\/p>\n<\/div><\/div><\/div><script type=\"application\/ld+json\">\n\t{\n\t  \"@context\": \"https:\/\/schema.org\",\n\t  \"@type\": \"FAQPage\",\n\t  \"mainEntity\": [{\n\t\t\t\"@type\": \"Question\",\n\t\t\t\"name\": \"\u00bfCu\u00e1ntos casinos en Per\u00fa aceptan AstroPay como m\u00e9todo de pago?\",\n\t\t\t\"acceptedAnswer\": {\n\t\t\t  \"@type\": \"Answer\",\n\t\t\t  \"text\": \"Actualmente, solo uno: Bet365.\"\n\t\t\t}\n\t\t  },{\n\t\t\t\"@type\": \"Question\",\n\t\t\t\"name\": \"\u00bfCu\u00e1l es el dep\u00f3sito y retiro m\u00ednimo con AstroPay en Bet365?\",\n\t\t\t\"acceptedAnswer\": {\n\t\t\t  \"@type\": \"Answer\",\n\t\t\t  \"text\": \"El dep\u00f3sito m\u00ednimo es de S\/40.00, y el retiro m\u00ednimo tambi\u00e9n es de S\/40.00.\"\n\t\t\t}\n\t\t  },{\n\t\t\t\"@type\": \"Question\",\n\t\t\t\"name\": \"\u00bfCu\u00e1les son las ventajas de usar AstroPay?\",\n\t\t\t\"acceptedAnswer\": {\n\t\t\t  \"@type\": \"Answer\",\n\t\t\t  \"text\": \"AstroPay ofrece seguridad y privacidad, facilidad de uso, aceptaci\u00f3n internacional, transacciones instant\u00e1neas y diversas opciones de compra.\"\n\t\t\t}\n\t\t  }]\n\t}\n\t<\/script><\/div><\/div><\/div>","protected":false},"excerpt":{"rendered":"<p>En Per\u00fa, solo encontramos un \u00fanico casino que acepta AstroPay como medio de pago. Presentaremos las ventajas y desventajas de este m\u00e9todo de pago, el casino donde se puede utilizar, adem\u00e1s de compararlo con otros m\u00e9todos de pago.<\/p>\n","protected":false},"author":3,"featured_media":0,"parent":0,"menu_order":0,"comment_status":"closed","ping_status":"closed","template":"page-templates\/selection.php","meta":{"_acf_changed":false,"inline_featured_image":false,"footnotes":""},"class_list":["post-1776","page","type-page","status-publish","hentry"],"acf":[],"yoast_head":"<!-- This site is optimized with the Yoast SEO plugin v24.4 - https:\/\/yoast.com\/wordpress\/plugins\/seo\/ -->\n<title>Casinos Online que Aceptan Astropay en Per\u00fa<\/title>\n<meta name=\"description\" content=\"Lista de los casinos peruanos con Astropay. Ventajas y desventajas. M\u00e9todos de pago alternativos. Instrucciones para depositar a trav\u00e9s de Astropay.\" \/>\n<meta name=\"robots\" content=\"index, follow, max-snippet:-1, max-image-preview:large, max-video-preview:-1\" \/>\n<link rel=\"canonical\" href=\"https:\/\/asesordecasinos.com\/pe\/casinos\/juegos\/astropay\/\" \/>\n<meta property=\"og:locale\" content=\"es_ES\" \/>\n<meta property=\"og:type\" content=\"article\" \/>\n<meta property=\"og:title\" content=\"Casinos Online que Aceptan Astropay en Per\u00fa\" \/>\n<meta property=\"og:description\" content=\"Lista de los casinos peruanos con Astropay. Ventajas y desventajas. M\u00e9todos de pago alternativos. Instrucciones para depositar a trav\u00e9s de Astropay.\" \/>\n<meta property=\"og:url\" content=\"https:\/\/asesordecasinos.com\/pe\/casinos\/juegos\/astropay\/\" \/>\n<meta property=\"og:site_name\" content=\"Asesor de casinos Peru\" \/>\n<meta property=\"article:modified_time\" content=\"2024-09-12T03:55:22+00:00\" \/>\n<meta name=\"twitter:card\" content=\"summary_large_image\" \/>\n<meta name=\"twitter:label1\" content=\"Est. reading time\" \/>\n\t<meta name=\"twitter:data1\" content=\"4 minutos\" \/>\n<script type=\"application\/ld+json\" class=\"yoast-schema-graph\">{\"@context\":\"https:\/\/schema.org\",\"@graph\":[{\"@type\":\"Article\",\"@id\":\"https:\/\/asesordecasinos.com\/pe\/casinos\/juegos\/astropay\/#article\",\"isPartOf\":{\"@id\":\"https:\/\/asesordecasinos.com\/pe\/casinos\/juegos\/astropay\/\"},\"author\":{\"name\":\"Marta Valdez\",\"@id\":\"https:\/\/asesordecasinos.com\/pe\/#\/schema\/person\/20d008a3ce0e83668b9d3171476e95db\"},\"headline\":\"Casinos Online con Astropay en Per\u00fa abril 2026\",\"datePublished\":\"2024-08-12T03:23:40+00:00\",\"dateModified\":\"2024-09-12T03:55:22+00:00\",\"mainEntityOfPage\":{\"@id\":\"https:\/\/asesordecasinos.com\/pe\/casinos\/juegos\/astropay\/\"},\"wordCount\":734,\"publisher\":{\"@id\":\"https:\/\/asesordecasinos.com\/pe\/#organization\"},\"inLanguage\":\"es-co\"},{\"@type\":\"WebPage\",\"@id\":\"https:\/\/asesordecasinos.com\/pe\/casinos\/juegos\/astropay\/\",\"url\":\"https:\/\/asesordecasinos.com\/pe\/casinos\/juegos\/astropay\/\",\"name\":\"Casinos Online que Aceptan Astropay en Per\u00fa\",\"isPartOf\":{\"@id\":\"https:\/\/asesordecasinos.com\/pe\/#website\"},\"datePublished\":\"2024-08-12T03:23:40+00:00\",\"dateModified\":\"2024-09-12T03:55:22+00:00\",\"description\":\"Lista de los casinos peruanos con Astropay. Ventajas y desventajas. M\u00e9todos de pago alternativos. Instrucciones para depositar a trav\u00e9s de Astropay.\",\"breadcrumb\":{\"@id\":\"https:\/\/asesordecasinos.com\/pe\/casinos\/juegos\/astropay\/#breadcrumb\"},\"inLanguage\":\"es-co\",\"potentialAction\":[{\"@type\":\"ReadAction\",\"target\":[\"https:\/\/asesordecasinos.com\/pe\/casinos\/juegos\/astropay\/\"]}]},{\"@type\":\"BreadcrumbList\",\"@id\":\"https:\/\/asesordecasinos.com\/pe\/casinos\/juegos\/astropay\/#breadcrumb\",\"itemListElement\":[{\"@type\":\"ListItem\",\"position\":1,\"name\":\"Home\",\"item\":\"https:\/\/asesordecasinos.com\/pe\/\"},{\"@type\":\"ListItem\",\"position\":2,\"name\":\"Casinos Online con Astropay en Per\u00fa September 2025\"}]},{\"@type\":\"WebSite\",\"@id\":\"https:\/\/asesordecasinos.com\/pe\/#website\",\"url\":\"https:\/\/asesordecasinos.com\/pe\/\",\"name\":\"Asesor de casinos Peru\",\"description\":\"\",\"publisher\":{\"@id\":\"https:\/\/asesordecasinos.com\/pe\/#organization\"},\"potentialAction\":[{\"@type\":\"SearchAction\",\"target\":{\"@type\":\"EntryPoint\",\"urlTemplate\":\"https:\/\/asesordecasinos.com\/pe\/?s={search_term_string}\"},\"query-input\":{\"@type\":\"PropertyValueSpecification\",\"valueRequired\":true,\"valueName\":\"search_term_string\"}}],\"inLanguage\":\"es-co\"},{\"@type\":\"Organization\",\"@id\":\"https:\/\/asesordecasinos.com\/pe\/#organization\",\"name\":\"EspacioMood\",\"url\":\"https:\/\/asesordecasinos.com\/pe\/\",\"logo\":{\"@type\":\"ImageObject\",\"inLanguage\":\"es-co\",\"@id\":\"https:\/\/asesordecasinos.com\/pe\/#\/schema\/logo\/image\/\",\"url\":\"https:\/\/asesordecasinos.com\/pe\/wp-content\/uploads\/sites\/6\/2024\/08\/logo_es.svg\",\"contentUrl\":\"https:\/\/asesordecasinos.com\/pe\/wp-content\/uploads\/sites\/6\/2024\/08\/logo_es.svg\",\"width\":188,\"height\":48,\"caption\":\"EspacioMood\"},\"image\":{\"@id\":\"https:\/\/asesordecasinos.com\/pe\/#\/schema\/logo\/image\/\"}},{\"@type\":\"Person\",\"@id\":\"https:\/\/asesordecasinos.com\/pe\/#\/schema\/person\/20d008a3ce0e83668b9d3171476e95db\",\"name\":\"Marta Valdez\",\"image\":{\"@type\":\"ImageObject\",\"inLanguage\":\"es-co\",\"@id\":\"https:\/\/asesordecasinos.com\/pe\/#\/schema\/person\/image\/\",\"url\":\"https:\/\/asesordecasinos.com\/wp-content\/uploads\/2023\/08\/cropped-author2-1-96x96.jpeg\",\"contentUrl\":\"https:\/\/asesordecasinos.com\/wp-content\/uploads\/2023\/08\/cropped-author2-1-96x96.jpeg\",\"caption\":\"Marta Valdez\"},\"description\":\"Marta Valdez es una renombrada escritora y apasionada de los juegos de azar, especializada en la industria de casinos en l\u00ednea. Contribuyendo actualmente a Los Mejores Casinos Online de Espa\u00f1a 2025 | Casinos en l\u00ednea con dinero real , Marta ha dedicado m\u00e1s de quince a\u00f1os a explorar el mundo de los juegos en l\u00ednea, fusionando su amor por la emoci\u00f3n del juego con la habilidad de explicar conceptos complejos de una manera accesible.\",\"sameAs\":[\"https:\/\/www.facebook.com\/profile.php?id=61550556022947\",\"https:\/\/www.instagram.com\/martavaldez6198\/\",\"https:\/\/x.com\/MartaValde60466\"],\"url\":\"https:\/\/asesordecasinos.com\/pe\/author\/martavaldez\/\",\"jobTitle\":\"Autor y aficionado a los juegos\",\"alumniOf\":{\"@type\":\"CollegeOrUniversity\",\"name\":\"Universidad Madrid\"},\"knowsAbout\":\"\\\"Online Casinos\\\", \\\"Poker\\\", \\\"Slots\\\", \\\"Blackjack\\\", \\\"Roulette\\\", \\\"iGaming\\\"\"}]}<\/script>\n<!-- \/ Yoast SEO plugin. -->","yoast_head_json":{"title":"Casinos Online que Aceptan Astropay en Per\u00fa","description":"Lista de los casinos peruanos con Astropay. Ventajas y desventajas. M\u00e9todos de pago alternativos. Instrucciones para depositar a trav\u00e9s de Astropay.","robots":{"index":"index","follow":"follow","max-snippet":"max-snippet:-1","max-image-preview":"max-image-preview:large","max-video-preview":"max-video-preview:-1"},"canonical":"https:\/\/asesordecasinos.com\/pe\/casinos\/juegos\/astropay\/","og_locale":"es_ES","og_type":"article","og_title":"Casinos Online que Aceptan Astropay en Per\u00fa","og_description":"Lista de los casinos peruanos con Astropay. Ventajas y desventajas. M\u00e9todos de pago alternativos. Instrucciones para depositar a trav\u00e9s de Astropay.","og_url":"https:\/\/asesordecasinos.com\/pe\/casinos\/juegos\/astropay\/","og_site_name":"Asesor de casinos Peru","article_modified_time":"2024-09-12T03:55:22+00:00","twitter_card":"summary_large_image","twitter_misc":{"Est. reading time":"4 minutos"},"schema":{"@context":"https:\/\/schema.org","@graph":[{"@type":"Article","@id":"https:\/\/asesordecasinos.com\/pe\/casinos\/juegos\/astropay\/#article","isPartOf":{"@id":"https:\/\/asesordecasinos.com\/pe\/casinos\/juegos\/astropay\/"},"author":{"name":"Marta Valdez","@id":"https:\/\/asesordecasinos.com\/pe\/#\/schema\/person\/20d008a3ce0e83668b9d3171476e95db"},"headline":"Casinos Online con Astropay en Per\u00fa abril 2026","datePublished":"2024-08-12T03:23:40+00:00","dateModified":"2024-09-12T03:55:22+00:00","mainEntityOfPage":{"@id":"https:\/\/asesordecasinos.com\/pe\/casinos\/juegos\/astropay\/"},"wordCount":734,"publisher":{"@id":"https:\/\/asesordecasinos.com\/pe\/#organization"},"inLanguage":"es-co"},{"@type":"WebPage","@id":"https:\/\/asesordecasinos.com\/pe\/casinos\/juegos\/astropay\/","url":"https:\/\/asesordecasinos.com\/pe\/casinos\/juegos\/astropay\/","name":"Casinos Online que Aceptan Astropay en Per\u00fa","isPartOf":{"@id":"https:\/\/asesordecasinos.com\/pe\/#website"},"datePublished":"2024-08-12T03:23:40+00:00","dateModified":"2024-09-12T03:55:22+00:00","description":"Lista de los casinos peruanos con Astropay. Ventajas y desventajas. M\u00e9todos de pago alternativos. Instrucciones para depositar a trav\u00e9s de Astropay.","breadcrumb":{"@id":"https:\/\/asesordecasinos.com\/pe\/casinos\/juegos\/astropay\/#breadcrumb"},"inLanguage":"es-co","potentialAction":[{"@type":"ReadAction","target":["https:\/\/asesordecasinos.com\/pe\/casinos\/juegos\/astropay\/"]}]},{"@type":"BreadcrumbList","@id":"https:\/\/asesordecasinos.com\/pe\/casinos\/juegos\/astropay\/#breadcrumb","itemListElement":[{"@type":"ListItem","position":1,"name":"Home","item":"https:\/\/asesordecasinos.com\/pe\/"},{"@type":"ListItem","position":2,"name":"Casinos Online con Astropay en Per\u00fa September 2025"}]},{"@type":"WebSite","@id":"https:\/\/asesordecasinos.com\/pe\/#website","url":"https:\/\/asesordecasinos.com\/pe\/","name":"Asesor de casinos Peru","description":"","publisher":{"@id":"https:\/\/asesordecasinos.com\/pe\/#organization"},"potentialAction":[{"@type":"SearchAction","target":{"@type":"EntryPoint","urlTemplate":"https:\/\/asesordecasinos.com\/pe\/?s={search_term_string}"},"query-input":{"@type":"PropertyValueSpecification","valueRequired":true,"valueName":"search_term_string"}}],"inLanguage":"es-co"},{"@type":"Organization","@id":"https:\/\/asesordecasinos.com\/pe\/#organization","name":"EspacioMood","url":"https:\/\/asesordecasinos.com\/pe\/","logo":{"@type":"ImageObject","inLanguage":"es-co","@id":"https:\/\/asesordecasinos.com\/pe\/#\/schema\/logo\/image\/","url":"https:\/\/asesordecasinos.com\/pe\/wp-content\/uploads\/sites\/6\/2024\/08\/logo_es.svg","contentUrl":"https:\/\/asesordecasinos.com\/pe\/wp-content\/uploads\/sites\/6\/2024\/08\/logo_es.svg","width":188,"height":48,"caption":"EspacioMood"},"image":{"@id":"https:\/\/asesordecasinos.com\/pe\/#\/schema\/logo\/image\/"}},{"@type":"Person","@id":"https:\/\/asesordecasinos.com\/pe\/#\/schema\/person\/20d008a3ce0e83668b9d3171476e95db","name":"Marta Valdez","image":{"@type":"ImageObject","inLanguage":"es-co","@id":"https:\/\/asesordecasinos.com\/pe\/#\/schema\/person\/image\/","url":"https:\/\/asesordecasinos.com\/wp-content\/uploads\/2023\/08\/cropped-author2-1-96x96.jpeg","contentUrl":"https:\/\/asesordecasinos.com\/wp-content\/uploads\/2023\/08\/cropped-author2-1-96x96.jpeg","caption":"Marta Valdez"},"description":"Marta Valdez es una renombrada escritora y apasionada de los juegos de azar, especializada en la industria de casinos en l\u00ednea. Contribuyendo actualmente a Los Mejores Casinos Online de Espa\u00f1a 2025 | Casinos en l\u00ednea con dinero real , Marta ha dedicado m\u00e1s de quince a\u00f1os a explorar el mundo de los juegos en l\u00ednea, fusionando su amor por la emoci\u00f3n del juego con la habilidad de explicar conceptos complejos de una manera accesible.","sameAs":["https:\/\/www.facebook.com\/profile.php?id=61550556022947","https:\/\/www.instagram.com\/martavaldez6198\/","https:\/\/x.com\/MartaValde60466"],"url":"https:\/\/asesordecasinos.com\/pe\/author\/martavaldez\/","jobTitle":"Autor y aficionado a los juegos","alumniOf":{"@type":"CollegeOrUniversity","name":"Universidad Madrid"},"knowsAbout":"\"Online Casinos\", \"Poker\", \"Slots\", \"Blackjack\", \"Roulette\", \"iGaming\""}]}},"_links":{"self":[{"href":"https:\/\/asesordecasinos.com\/pe\/wp-json\/wp\/v2\/pages\/1776","targetHints":{"allow":["GET"]}}],"collection":[{"href":"https:\/\/asesordecasinos.com\/pe\/wp-json\/wp\/v2\/pages"}],"about":[{"href":"https:\/\/asesordecasinos.com\/pe\/wp-json\/wp\/v2\/types\/page"}],"author":[{"embeddable":true,"href":"https:\/\/asesordecasinos.com\/pe\/wp-json\/wp\/v2\/users\/3"}],"replies":[{"embeddable":true,"href":"https:\/\/asesordecasinos.com\/pe\/wp-json\/wp\/v2\/comments?post=1776"}],"version-history":[{"count":4,"href":"https:\/\/asesordecasinos.com\/pe\/wp-json\/wp\/v2\/pages\/1776\/revisions"}],"predecessor-version":[{"id":1786,"href":"https:\/\/asesordecasinos.com\/pe\/wp-json\/wp\/v2\/pages\/1776\/revisions\/1786"}],"wp:attachment":[{"href":"https:\/\/asesordecasinos.com\/pe\/wp-json\/wp\/v2\/media?parent=1776"}],"curies":[{"name":"wp","href":"https:\/\/api.w.org\/{rel}","templated":true}]}}